{"id":16943,"date":"2019-01-11T12:46:08","date_gmt":"2019-01-11T10:46:08","guid":{"rendered":"http:\/\/artigasadvocats.com\/?page_id=16943"},"modified":"2019-01-11T12:49:59","modified_gmt":"2019-01-11T10:49:59","slug":"nota-legal","status":"publish","type":"page","link":"https:\/\/artigasadvocats.com\/es\/nota-legal\/","title":{"rendered":"Nota Legal"},"content":{"rendered":"<p>[vc_row css_animation=\u00bb\u00bb row_type=\u00bbrow\u00bb use_row_as_full_screen_section=\u00bbno\u00bb type=\u00bbgrid\u00bb angled_section=\u00bbno\u00bb text_align=\u00bbleft\u00bb background_image_as_pattern=\u00bbwithout_pattern\u00bb border_color=\u00bb#eaeaea\u00bb padding_top=\u00bb36&#8243; padding_bottom=\u00bb24&#8243; css=\u00bb.vc_custom_1543398678893{background-color: #fbfbfb !important;}\u00bb z_index=\u00bb\u00bb][vc_column][vc_column_text]<\/p>\n<h2>Nota Legal<\/h2>\n<p>[\/vc_column_text][vc_separator type=\u00bbsmall\u00bb position=\u00bbleft\u00bb up=\u00bb7&#8243; down=\u00bb38&#8243;][vc_separator type=\u00bbtransparent\u00bb up=\u00bb30&#8243; down=\u00bb30&#8243;][vc_row_inner row_type=\u00bbrow\u00bb type=\u00bbfull_width\u00bb text_align=\u00bbleft\u00bb css_animation=\u00bb\u00bb][vc_column_inner][vc_column_text]A los efectos del arte. 10 de la Ley 34\/2002, de 11 de julio, de servicios de la sociedad de la informaci\u00f3n y de comercio electr\u00f3nico, se informa a los usuarios de nuestra p\u00e1gina web que el titular de esta es la sociedad ARTIGAS ABOGADOS, SL .U, con domicilio social en la Calle Girona n\u00ba2, 3er.1\u00aa (08402-Granollers, Barcelona), provista de CIF n\u00fam. 65264020-B y los datos registrales son las siguientes: inscrita en el Registro Mercantil de Barcelona, \u200b\u200ben el Volumen 41770, Folio 95, Hoja B-396.452, Inscripci\u00f3n 1\u00aa. Si desea contactar con nosotros, puede hacerlo a la direcci\u00f3n indicada o a trav\u00e9s de la siguiente direcci\u00f3n de correo electr\u00f3nico info@artigasadvocats.com<\/p>\n<p>Artigas abogados S.L.U est\u00e1 inscrita en el Registro de Sociedades Profesionales de Abogados del Ilustre Colegio de Abogados de Granollers con el n\u00fam. 35 y se acoge a los criterios orientadores en materia de honorarios profesionales del Consejo de los Ilustres Colegios de Abogados de Catalu\u00f1a y est\u00e1 sujeto al \u00abC\u00f3digo de la Abogac\u00eda catalana\u00bb.[\/vc_column_text][\/vc_column_inner][\/vc_row_inner][\/vc_column][\/vc_row][vc_row css_animation=\u00bb\u00bb row_type=\u00bbrow\u00bb use_row_as_full_screen_section=\u00bbno\u00bb type=\u00bbgrid\u00bb angled_section=\u00bbno\u00bb text_align=\u00bbleft\u00bb background_image_as_pattern=\u00bbwithout_pattern\u00bb background_color=\u00bb#fbfbfb\u00bb border_color=\u00bb#eaeaea\u00bb padding_top=\u00bb51&#8243; padding_bottom=\u00bb24&#8243;][vc_column][vc_column_text]<\/p>\n<h4>T\u00c9RMINOS LEGALES Y CONDICIONES DE USO<\/h4>\n<p>[\/vc_column_text][vc_separator type=\u00bbtransparent\u00bb up=\u00bb36&#8243; down=\u00bb0&#8243;][vc_row_inner row_type=\u00bbrow\u00bb type=\u00bbfull_width\u00bb text_align=\u00bbleft\u00bb css_animation=\u00bb\u00bb][vc_column_inner][vc_column_text]El contenido de esta web tiene car\u00e1cter informativo y puede ser modificado, desarrollado o actualizado sin necesidad de notificaci\u00f3n previa.<\/p>\n<p>El acceso y \/ o la utilizaci\u00f3n de esta web implica que ha le\u00eddo y que acepta, sin reserva alguna, estas condiciones.<\/p>\n<p>El usuario se compromete a utilizar la informaci\u00f3n o contenido de la web de forma correcta, sin incurrir en actividades que puedan ser consideradas il\u00edcitas o ilegales que infrinjan los derechos del despacho o que puedan atentar contra la moral, normas de \u00e9tica o contra terceros.<\/p>\n<p>El usuario debe tener en cuenta que debido a las constantes modificaciones legales y jurisprudenciales, los materiales obtenidos en esta web pueden no estar actualizados, a pesar de los esfuerzos para mantenerlos. En todo caso, el despacho Artigas Abogados se reserva la facultad de optar libremente, sin necesidad de comunicaci\u00f3n previa, a modificar, desarrollar o actualizar los referidos materiales o bien a no hacerlo.[\/vc_column_text][\/vc_column_inner][\/vc_row_inner][\/vc_column][\/vc_row][vc_row css_animation=\u00bb\u00bb row_type=\u00bbrow\u00bb use_row_as_full_screen_section=\u00bbno\u00bb type=\u00bbgrid\u00bb angled_section=\u00bbno\u00bb text_align=\u00bbleft\u00bb background_image_as_pattern=\u00bbwithout_pattern\u00bb background_color=\u00bb#fbfbfb\u00bb border_color=\u00bb#eaeaea\u00bb padding_top=\u00bb51&#8243; padding_bottom=\u00bb24&#8243;][vc_column][vc_column_text]<\/p>\n<h4>RESPONSABILIDAD DEL DESPACHO<\/h4>\n<p>[\/vc_column_text][vc_separator type=\u00bbtransparent\u00bb up=\u00bb36&#8243; down=\u00bb0&#8243;][vc_row_inner row_type=\u00bbrow\u00bb type=\u00bbfull_width\u00bb text_align=\u00bbleft\u00bb css_animation=\u00bb\u00bb][vc_column_inner][vc_column_text]<span class=\"tlid-translation translation\">El despacho no se responsabiliza de cualquier da\u00f1o y perjuicio derivado de la navegaci\u00f3n por la web, virus inform\u00e1ticos u otros elementos lesivos que puedan ocasionar da\u00f1os, como interferencias, interrupciones y desconexiones en el sistema operativo de este sistema electr\u00f3nico.<\/span><\/p>\n<p>La funci\u00f3n de las links que aparecen en la web es exclusivamente la de informar al usuario de otras fuentes de informaci\u00f3n sobre la materia, donde podr\u00e1 ampliar los datos que se ofrecen en esta p\u00e1gina.<\/p>\n<p>El usuario reconoce que la informaci\u00f3n a la que puede acceder a trav\u00e9s de los servicios es responsabilidad de quien la elabora. El despacho Artigas no se hace responsable del resultado obtenido de los enlaces, del contenido de la informaci\u00f3n, ni de los perjuicios que de esta informaci\u00f3n pueda sufrir el usuario, independientemente de que el acceso a esta informaci\u00f3n se realice a trav\u00e9s de links directos o consecutivos, el or\u00edgen de las que se encuentre en esta p\u00e1gina. El despacho tampoco se responsabiliza de los errores u omisiones que puedan tener los materiales en esta web o en aquellos a los que el usuario puede acceder a trav\u00e9s de la materia.[\/vc_column_text][\/vc_column_inner][\/vc_row_inner][\/vc_column][\/vc_row][vc_row css_animation=\u00bb\u00bb row_type=\u00bbrow\u00bb use_row_as_full_screen_section=\u00bbno\u00bb type=\u00bbgrid\u00bb angled_section=\u00bbno\u00bb text_align=\u00bbleft\u00bb background_image_as_pattern=\u00bbwithout_pattern\u00bb background_color=\u00bb#fbfbfb\u00bb border_color=\u00bb#eaeaea\u00bb padding_top=\u00bb51&#8243; padding_bottom=\u00bb24&#8243;][vc_column][vc_column_text]<\/p>\n<h4>DERECHOS DE PROPIEDAD INDUSTRIAL E INTELECTUAL<\/h4>\n<p>[\/vc_column_text][vc_separator type=\u00bbtransparent\u00bb up=\u00bb36&#8243; down=\u00bb0&#8243;][vc_row_inner row_type=\u00bbrow\u00bb type=\u00bbfull_width\u00bb text_align=\u00bbleft\u00bb css_animation=\u00bb\u00bb][vc_column_inner][vc_column_text]El despacho Artigas Abogados es titular de los derechos de propiedad intelectual sobre los textos incluidos en la p\u00e1gina web, as\u00ed como de su estructura, dise\u00f1o gr\u00e1fico y c\u00f3digos, salvo que se indique una titularidad diferente.<\/p>\n<p>Quedan prohibidas la reproducci\u00f3n, excepto para uso privativo, la transformaci\u00f3n, distribuci\u00f3n, comunicaci\u00f3n p\u00fablica y, en general, cualquier forma de explotaci\u00f3n de todo o parte de los contenidos de la web.[\/vc_column_text][\/vc_column_inner][\/vc_row_inner][\/vc_column][\/vc_row][vc_row css_animation=\u00bb\u00bb row_type=\u00bbrow\u00bb use_row_as_full_screen_section=\u00bbno\u00bb type=\u00bbgrid\u00bb angled_section=\u00bbno\u00bb text_align=\u00bbleft\u00bb background_image_as_pattern=\u00bbwithout_pattern\u00bb background_color=\u00bb#fbfbfb\u00bb border_color=\u00bb#eaeaea\u00bb padding_top=\u00bb51&#8243; padding_bottom=\u00bb24&#8243; css=\u00bb.vc_custom_1543398723195{padding-bottom: 10% !important;}\u00bb z_index=\u00bb\u00bb][vc_column][vc_column_text]<\/p>\n<h4>PROTECCI\u00d3N DE DATOS<\/h4>\n<p>[\/vc_column_text][vc_separator type=\u00bbtransparent\u00bb up=\u00bb36&#8243; down=\u00bb0&#8243;][vc_row_inner row_type=\u00bbrow\u00bb type=\u00bbfull_width\u00bb text_align=\u00bbleft\u00bb css_animation=\u00bb\u00bb][vc_column_inner][vc_column_text]El despacho Artigas Abogados, garantiza el tratamiento de los datos recibidos por nuestros clientes a trav\u00e9s de los servicios on-line con la m\u00e1xima confidencialidad y secreto profesionales.<\/p>\n<p>En cumplimiento de la ley 15\/1999 de 13 de diciembre, de protecci\u00f3n de datos de car\u00e1cter personal, todos los datos que se reciban y tengan esta consideraci\u00f3n no se incluir\u00e1n en ning\u00fan fichero de datos de car\u00e1cter personal.[\/vc_column_text][\/vc_column_inner][\/vc_row_inner][\/vc_column][\/vc_row]<\/p>\n","protected":false},"excerpt":{"rendered":"<p>[vc_row css_animation=\u00bb\u00bb row_type=\u00bbrow\u00bb use_row_as_full_screen_section=\u00bbno\u00bb type=\u00bbgrid\u00bb angled_section=\u00bbno\u00bb text_align=\u00bbleft\u00bb background_image_as_pattern=\u00bbwithout_pattern\u00bb border_color=\u00bb#eaeaea\u00bb padding_top=\u00bb36&#8243; padding_bottom=\u00bb24&#8243; css=\u00bb.vc_custom_1543398678893{background-color: #fbfbfb !important;}\u00bb z_index=\u00bb\u00bb][vc_column][vc_column_text]&#8230;<\/p>\n","protected":false},"author":1,"featured_media":0,"parent":0,"menu_order":0,"comment_status":"closed","ping_status":"closed","template":"","meta":[],"_links":{"self":[{"href":"https:\/\/artigasadvocats.com\/es\/wp-json\/wp\/v2\/pages\/16943\/"}],"collection":[{"href":"https:\/\/artigasadvocats.com\/es\/wp-json\/wp\/v2\/pages\/"}],"about":[{"href":"https:\/\/artigasadvocats.com\/es\/wp-json\/wp\/v2\/types\/page\/"}],"author":[{"embeddable":true,"href":"https:\/\/artigasadvocats.com\/es\/wp-json\/wp\/v2\/users\/1\/"}],"replies":[{"embeddable":true,"href":"https:\/\/artigasadvocats.com\/es\/wp-json\/wp\/v2\/comments\/?post=16943"}],"version-history":[{"count":3,"href":"https:\/\/artigasadvocats.com\/es\/wp-json\/wp\/v2\/pages\/16943\/revisions\/"}],"predecessor-version":[{"id":16946,"href":"https:\/\/artigasadvocats.com\/es\/wp-json\/wp\/v2\/pages\/16943\/revisions\/16946\/"}],"wp:attachment":[{"href":"https:\/\/artigasadvocats.com\/es\/wp-json\/wp\/v2\/media\/?parent=16943"}],"curies":[{"name":"wp","href":"https:\/\/api.w.org\/{rel}","templated":true}]}}