{"id":16929,"date":"2019-01-11T12:31:05","date_gmt":"2019-01-11T10:31:05","guid":{"rendered":"http:\/\/artigasadvocats.com\/?page_id=16929"},"modified":"2019-01-11T12:33:33","modified_gmt":"2019-01-11T10:33:33","slug":"bolsa-de-trabajo","status":"publish","type":"page","link":"https:\/\/artigasadvocats.com\/es\/bolsa-de-trabajo\/","title":{"rendered":"Bolsa de trabajo"},"content":{"rendered":"<p>[vc_row css_animation=\u00bb\u00bb row_type=\u00bbrow\u00bb use_row_as_full_screen_section=\u00bbno\u00bb type=\u00bbgrid\u00bb angled_section=\u00bbno\u00bb text_align=\u00bbleft\u00bb background_image_as_pattern=\u00bbwithout_pattern\u00bb border_color=\u00bb#eaeaea\u00bb padding_top=\u00bb36&#8243; padding_bottom=\u00bb24&#8243; css=\u00bb.vc_custom_1543398678893{background-color: #fbfbfb !important;}\u00bb z_index=\u00bb\u00bb][vc_column][vc_column_text]<\/p>\n<h2>Bolsa de Trabajo<\/h2>\n<p>[\/vc_column_text][vc_separator type=\u00bbsmall\u00bb position=\u00bbleft\u00bb up=\u00bb7&#8243; down=\u00bb38&#8243;][vc_separator type=\u00bbtransparent\u00bb up=\u00bb30&#8243; down=\u00bb30&#8243;][vc_row_inner row_type=\u00bbrow\u00bb type=\u00bbfull_width\u00bb text_align=\u00bbleft\u00bb css_animation=\u00bb\u00bb][vc_column_inner][vc_column_text]Artigas Abogados tiene como objetivo incorporar a los mejores profesionales y personal administrativo. Ofrecemos un plan de carrera individualizado y una formaci\u00f3n continuada.<br \/>\nSi est\u00e1s interesado en formar parte de nuestro creciente equipo, env\u00edanos tu CV, indicando la referencia correspondiente (Abogado; Personal admin.).<\/p>\n<p>Todos los CV ser\u00e1n tratados confidencialmente y ser\u00e1n utilizados exclusivamente en los procesos de selecci\u00f3n<\/p>\n<p>Enviar CV: info@artigasadvocats.com[\/vc_column_text][\/vc_column_inner][\/vc_row_inner][\/vc_column][\/vc_row]<\/p>\n","protected":false},"excerpt":{"rendered":"<p>[vc_row css_animation=\u00bb\u00bb row_type=\u00bbrow\u00bb use_row_as_full_screen_section=\u00bbno\u00bb type=\u00bbgrid\u00bb angled_section=\u00bbno\u00bb text_align=\u00bbleft\u00bb background_image_as_pattern=\u00bbwithout_pattern\u00bb border_color=\u00bb#eaeaea\u00bb padding_top=\u00bb36&#8243; padding_bottom=\u00bb24&#8243; css=\u00bb.vc_custom_1543398678893{background-color: #fbfbfb !important;}\u00bb z_index=\u00bb\u00bb][vc_column][vc_column_text]&#8230;<\/p>\n","protected":false},"author":1,"featured_media":0,"parent":0,"menu_order":0,"comment_status":"closed","ping_status":"closed","template":"","meta":[],"_links":{"self":[{"href":"https:\/\/artigasadvocats.com\/es\/wp-json\/wp\/v2\/pages\/16929\/"}],"collection":[{"href":"https:\/\/artigasadvocats.com\/es\/wp-json\/wp\/v2\/pages\/"}],"about":[{"href":"https:\/\/artigasadvocats.com\/es\/wp-json\/wp\/v2\/types\/page\/"}],"author":[{"embeddable":true,"href":"https:\/\/artigasadvocats.com\/es\/wp-json\/wp\/v2\/users\/1\/"}],"replies":[{"embeddable":true,"href":"https:\/\/artigasadvocats.com\/es\/wp-json\/wp\/v2\/comments\/?post=16929"}],"version-history":[{"count":3,"href":"https:\/\/artigasadvocats.com\/es\/wp-json\/wp\/v2\/pages\/16929\/revisions\/"}],"predecessor-version":[{"id":16932,"href":"https:\/\/artigasadvocats.com\/es\/wp-json\/wp\/v2\/pages\/16929\/revisions\/16932\/"}],"wp:attachment":[{"href":"https:\/\/artigasadvocats.com\/es\/wp-json\/wp\/v2\/media\/?parent=16929"}],"curies":[{"name":"wp","href":"https:\/\/api.w.org\/{rel}","templated":true}]}}